{"id":883,"date":"2026-03-21T22:42:03","date_gmt":"2026-03-21T22:42:03","guid":{"rendered":"https:\/\/gestionconceptsurmesure.com\/service-areas\/"},"modified":"2026-04-01T13:55:15","modified_gmt":"2026-04-01T13:55:15","slug":"service-areas","status":"publish","type":"page","link":"https:\/\/gestionconceptsurmesure.com\/en\/service-areas\/","title":{"rendered":"Service Areas"},"content":{"rendered":"\t\t<div data-elementor-type=\"wp-page\" data-elementor-id=\"883\" class=\"elementor elementor-883 elementor-51\" data-elementor-post-type=\"page\">\n\t\t\t\t<div class=\"elementor-element elementor-element-17655c0 e-con-full e-flex e-con e-parent\" data-id=\"17655c0\" data-element_type=\"container\" data-e-type=\"container\">\n\t\t\t\t<div class=\"elementor-element elementor-element-1f60049 elementor-widget elementor-widget-template\" data-id=\"1f60049\" data-element_type=\"widget\" data-e-type=\"widget\" data-widget_type=\"template.default\">\n\t\t\t\t<div class=\"elementor-widget-container\">\n\t\t\t\t\t\t\t<div class=\"elementor-template\">\n\t\t\t\t\t<div data-elementor-type=\"container\" data-elementor-id=\"783\" class=\"elementor elementor-783 elementor-280 elementor-280\" data-elementor-post-type=\"elementor_library\">\n\t\t\t\t<div class=\"elementor-element elementor-element-dbe8a34 e-flex e-con-boxed e-con e-parent\" data-id=\"dbe8a34\" data-element_type=\"container\" data-e-type=\"container\" data-settings=\"{&quot;background_background&quot;:&quot;classic&quot;}\">\n\t\t\t\t\t<div class=\"e-con-inner\">\n\t\t<div class=\"elementor-element elementor-element-7ccd7206 e-con-full e-flex e-con e-child\" data-id=\"7ccd7206\" data-element_type=\"container\" data-e-type=\"container\">\n\t\t\t\t<div class=\"elementor-element elementor-element-4e4ddde elementor-invisible elementor-widget elementor-widget-heading\" data-id=\"4e4ddde\" data-element_type=\"widget\" data-e-type=\"widget\" data-settings=\"{&quot;_animation&quot;:&quot;fadeIn&quot;}\" data-widget_type=\"heading.default\">\n\t\t\t\t\t<h1 class=\"elementor-heading-title elementor-size-default\">Gestion CSM<\/h1>\t\t\t\t<\/div>\n\t\t\t\t<\/div>\n\t\t\t\t\t<\/div>\n\t\t\t\t<\/div>\n\t\t\t\t<\/div>\n\t\t\t\t<\/div>\n\t\t\t\t\t\t<\/div>\n\t\t\t\t<\/div>\n\t\t\t\t<\/div>\n\t\t<div class=\"elementor-element elementor-element-b7119c4 e-flex e-con-boxed e-con e-parent\" data-id=\"b7119c4\" data-element_type=\"container\" data-e-type=\"container\" data-settings=\"{&quot;background_background&quot;:&quot;classic&quot;}\">\n\t\t\t\t\t<div class=\"e-con-inner\">\n\t\t<div class=\"elementor-element elementor-element-204a857 e-con-full e-flex e-con e-child\" data-id=\"204a857\" data-element_type=\"container\" data-e-type=\"container\">\n\t\t<div class=\"elementor-element elementor-element-075ee44 e-con-full e-flex e-con e-child\" data-id=\"075ee44\" data-element_type=\"container\" data-e-type=\"container\">\n\t\t\t\t<div class=\"elementor-element elementor-element-7371b4c elementor-widget__width-inherit elementor-invisible elementor-widget elementor-widget-elementskit-heading\" data-id=\"7371b4c\" data-element_type=\"widget\" data-e-type=\"widget\" data-settings=\"{&quot;_animation&quot;:&quot;fadeIn&quot;,&quot;_animation_delay&quot;:200}\" data-widget_type=\"elementskit-heading.default\">\n\t\t\t\t\t<div class=\"ekit-wid-con\" ><div class=\"ekit-heading elementskit-section-title-wraper text_left   ekit_heading_tablet-   ekit_heading_mobile-text_left\"><h2 class=\"ekit-heading--title elementskit-section-title \">General Contractor in the Laurentians and the North Shore<\/h2><\/div><\/div>\t\t\t\t<\/div>\n\t\t\t\t<\/div>\n\t\t<div class=\"elementor-element elementor-element-5195d6e e-con-full e-grid e-con e-child\" data-id=\"5195d6e\" data-element_type=\"container\" data-e-type=\"container\">\n\t\t<div class=\"elementor-element elementor-element-f811880 e-con-full e-flex elementor-invisible e-con e-child\" data-id=\"f811880\" data-element_type=\"container\" data-e-type=\"container\" data-settings=\"{&quot;animation&quot;:&quot;fadeIn&quot;,&quot;animation_delay&quot;:200}\">\n\t\t<div class=\"elementor-element elementor-element-6f6e640 e-con-full e-flex e-con e-child\" data-id=\"6f6e640\" data-element_type=\"container\" data-e-type=\"container\">\n\t\t\t\t<div class=\"elementor-element elementor-element-2624536 elementor-widget elementor-widget-heading\" data-id=\"2624536\" data-element_type=\"widget\" data-e-type=\"widget\" data-widget_type=\"heading.default\">\n\t\t\t\t\t<h3 class=\"elementor-heading-title elementor-size-default\">Laurentians<\/h3>\t\t\t\t<\/div>\n\t\t\t\t<div class=\"elementor-element elementor-element-8f8cd22 elementor-widget elementor-widget-text-editor\" data-id=\"8f8cd22\" data-element_type=\"widget\" data-e-type=\"widget\" data-widget_type=\"text-editor.default\">\n\t\t\t\t\t\t\t\t\t<p><span style=\"font-weight: 400;\">We serve the entire Laurentians region for your turnkey construction and renovation projects.<\/span><\/p>\n\t\t\t\t\t\t\t\t<\/div>\n\t\t\t\t<div class=\"elementor-element elementor-element-8e71df4 elementor-widget__width-inherit elementor-widget elementor-widget-text-editor\" data-id=\"8e71df4\" data-element_type=\"widget\" data-e-type=\"widget\" data-widget_type=\"text-editor.default\">\n\t\t\t\t\t\t\t\t\t<ul class=\"cities-list\" style=\"column-count: 2; column-gap: 2em;\">  <li>Saint-J\u00e9r\u00f4me<\/li>  <li>Sainte-Ad\u00e8le<\/li>  <li>Sainte-Agathe-des-Monts<\/li>  <li>Val-David<\/li>  <li>Mont-Tremblant<\/li>  <li>Labelle<\/li>  <li>Saint-Sauveur<\/li>  <li>Morin-Heights<\/li>  <li>Piedmont<\/li>  <li>Wentworth-Nord<\/li>  <li>Pr\u00e9vost<\/li>  <li>Saint-Hippolyte<\/li>  <li>Sainte-Sophie<\/li>  <li>Deux-Montagnes<\/li>  <li>Sainte-Marthe-sur-le-Lac<\/li>  <li>Pointe-Calumet<\/li>  <li>Saint-Joseph-du-Lac<\/li>  <li>Oka<\/li>  <li>Lachute<\/li>  <li>Brownsburg-Chatham<\/li>  <li>Gore<\/li>  <li>Mille-Isles<\/li>  <li>Grenville-sur-la-Rouge<\/li><\/ul><style>@media (max-width: 767px) {  ul.cities-list {    column-count: 1 !important;  }}<\/style>\t\t\t\t\t\t\t\t<\/div>\n\t\t\t\t<\/div>\n\t\t\t\t<div class=\"elementor-element elementor-element-03b13b1 elementor-align-justify elementor-mobile-align-left elementor-widget__width-auto elementor-widget-mobile__width-inherit elementor-widget elementor-widget-button\" data-id=\"03b13b1\" data-element_type=\"widget\" data-e-type=\"widget\" data-widget_type=\"button.default\">\n\t\t\t\t\t\t\t\t\t\t<a class=\"elementor-button elementor-button-link elementor-size-sm\" href=\"https:\/\/gestionconceptsurmesure.com\/en\/contact-us\/\">\n\t\t\t\t\t\t<span class=\"elementor-button-content-wrapper\">\n\t\t\t\t\t\t<span class=\"elementor-button-icon\">\n\t\t\t\t<i aria-hidden=\"true\" class=\"icon icon-right-arrow\"><\/i>\t\t\t<\/span>\n\t\t\t\t\t\t\t\t\t<span class=\"elementor-button-text\">Plan your project with a local contractor<\/span>\n\t\t\t\t\t<\/span>\n\t\t\t\t\t<\/a>\n\t\t\t\t\t\t\t\t<\/div>\n\t\t\t\t<\/div>\n\t\t<div class=\"elementor-element elementor-element-46b6a8d e-con-full e-flex elementor-invisible e-con e-child\" data-id=\"46b6a8d\" data-element_type=\"container\" data-e-type=\"container\" data-settings=\"{&quot;animation&quot;:&quot;fadeIn&quot;,&quot;animation_delay&quot;:200}\">\n\t\t<div class=\"elementor-element elementor-element-b884dba e-con-full e-flex e-con e-child\" data-id=\"b884dba\" data-element_type=\"container\" data-e-type=\"container\">\n\t\t\t\t<div class=\"elementor-element elementor-element-eecd245 elementor-widget elementor-widget-heading\" data-id=\"eecd245\" data-element_type=\"widget\" data-e-type=\"widget\" data-widget_type=\"heading.default\">\n\t\t\t\t\t<h3 class=\"elementor-heading-title elementor-size-default\">NORTH SHORE<\/h3>\t\t\t\t<\/div>\n\t\t\t\t<div class=\"elementor-element elementor-element-9a62d4f elementor-widget elementor-widget-text-editor\" data-id=\"9a62d4f\" data-element_type=\"widget\" data-e-type=\"widget\" data-widget_type=\"text-editor.default\">\n\t\t\t\t\t\t\t\t\t<p><span style=\"font-weight: 400;\">Our team serves the entire North Shore for residential and commercial projects.<\/span><\/p>\n\t\t\t\t\t\t\t\t<\/div>\n\t\t\t\t<div class=\"elementor-element elementor-element-d009d6f elementor-widget__width-inherit elementor-widget elementor-widget-text-editor\" data-id=\"d009d6f\" data-element_type=\"widget\" data-e-type=\"widget\" data-widget_type=\"text-editor.default\">\n\t\t\t\t\t\t\t\t\t<ul>  <li>Laval<\/li>  <li>Blainville<\/li>  <li>Boisbriand<\/li>  <li>Mirabel<\/li>  <li>Sainte-Th\u00e9r\u00e8se<\/li>  <li>Rosem\u00e8re<\/li>  <li>Lorraine<\/li>  <li>Terrebonne<\/li>  <li>Mascouche<\/li>  <li>Sainte-Eustache<\/li><\/ul>\t\t\t\t\t\t\t\t<\/div>\n\t\t\t\t<\/div>\n\t\t\t\t<div class=\"elementor-element elementor-element-48a7edf elementor-align-justify elementor-mobile-align-left elementor-widget__width-auto elementor-widget-mobile__width-inherit elementor-widget elementor-widget-button\" data-id=\"48a7edf\" data-element_type=\"widget\" data-e-type=\"widget\" data-widget_type=\"button.default\">\n\t\t\t\t\t\t\t\t\t\t<a class=\"elementor-button elementor-button-link elementor-size-sm\" href=\"https:\/\/gestionconceptsurmesure.com\/en\/contact-us\/\">\n\t\t\t\t\t\t<span class=\"elementor-button-content-wrapper\">\n\t\t\t\t\t\t<span class=\"elementor-button-icon\">\n\t\t\t\t<i aria-hidden=\"true\" class=\"icon icon-right-arrow\"><\/i>\t\t\t<\/span>\n\t\t\t\t\t\t\t\t\t<span class=\"elementor-button-text\">Request a quote for your North Shore project<\/span>\n\t\t\t\t\t<\/span>\n\t\t\t\t\t<\/a>\n\t\t\t\t\t\t\t\t<\/div>\n\t\t\t\t<\/div>\n\t\t\t\t<\/div>\n\t\t\t\t<\/div>\n\t\t\t\t\t<\/div>\n\t\t\t\t<\/div>\n\t\t\t\t<\/div>\n\t\t","protected":false},"excerpt":{"rendered":"<p>General Contractor in the Laurentians and the North Shore Laurentians We serve the entire Laurentians region for your turnkey construction and renovation projects. Saint-J\u00e9r\u00f4me Sainte-Ad\u00e8le Sainte-Agathe-des-Monts Val-David Mont-Tremblant Labelle Saint-Sauveur Morin-Heights Piedmont Wentworth-Nord Pr\u00e9vost Saint-Hippolyte Sainte-Sophie Deux-Montagnes Sainte-Marthe-sur-le-Lac Pointe-Calumet Saint-Joseph-du-Lac Oka Lachute Brownsburg-Chatham Gore Mille-Isles Grenville-sur-la-Rouge Plan your project with a local contractor NORTH SHORE [&hellip;]<\/p>\n","protected":false},"author":1,"featured_media":0,"parent":0,"menu_order":8,"comment_status":"closed","ping_status":"closed","template":"","meta":{"_seopress_robots_primary_cat":"","_seopress_titles_title":"","_seopress_titles_desc":"","_seopress_robots_index":"","footnotes":""},"class_list":["post-883","page","type-page","status-publish","hentry"],"_links":{"self":[{"href":"https:\/\/gestionconceptsurmesure.com\/en\/wp-json\/wp\/v2\/pages\/883","targetHints":{"allow":["GET"]}}],"collection":[{"href":"https:\/\/gestionconceptsurmesure.com\/en\/wp-json\/wp\/v2\/pages"}],"about":[{"href":"https:\/\/gestionconceptsurmesure.com\/en\/wp-json\/wp\/v2\/types\/page"}],"author":[{"embeddable":true,"href":"https:\/\/gestionconceptsurmesure.com\/en\/wp-json\/wp\/v2\/users\/1"}],"replies":[{"embeddable":true,"href":"https:\/\/gestionconceptsurmesure.com\/en\/wp-json\/wp\/v2\/comments?post=883"}],"version-history":[{"count":0,"href":"https:\/\/gestionconceptsurmesure.com\/en\/wp-json\/wp\/v2\/pages\/883\/revisions"}],"wp:attachment":[{"href":"https:\/\/gestionconceptsurmesure.com\/en\/wp-json\/wp\/v2\/media?parent=883"}],"curies":[{"name":"wp","href":"https:\/\/api.w.org\/{rel}","templated":true}]}}